{"id":2327,"date":"2020-10-17T13:28:33","date_gmt":"2020-10-17T18:28:33","guid":{"rendered":"https:\/\/daisymultifacetica.com\/?page_id=2327"},"modified":"2020-10-17T13:28:33","modified_gmt":"2020-10-17T18:28:33","slug":"el-mejor-gorro-reversible-para-enfermera-como-hacer-un-gorro-de-cirugia-para-cabello-corto-o-largo","status":"publish","type":"page","link":"https:\/\/daisymultifacetica.com\/es\/freebies\/el-mejor-gorro-reversible-para-enfermera-como-hacer-un-gorro-de-cirugia-para-cabello-corto-o-largo\/","title":{"rendered":"El Mejor Gorro Reversible para Enfermera | Como hacer un Gorro de Cirugia para Cabello Corto o Largo"},"content":{"rendered":"<h1 class=\"wp-block-heading\">El Mejor Gorro Reversible para Enfermera | Como hacer un Gorro de Cirugia para Cabello Corto o Largo<\/h1>\n\n\n\n<figure class=\"wp-block-image size-large is-style-rounded\"><img data-recalc-dims=\"1\" loading=\"lazy\" decoding=\"async\" width=\"1000\" height=\"563\" data-attachment-id=\"2328\" data-permalink=\"https:\/\/daisymultifacetica.com\/es\/freebies\/el-mejor-gorro-reversible-para-enfermera-como-hacer-un-gorro-de-cirugia-para-cabello-corto-o-largo\/free-6\/\" data-orig-file=\"https:\/\/i0.wp.com\/daisymultifacetica.com\/wp-content\/uploads\/2020\/10\/FREE-6.png?fit=1280%2C720&amp;ssl=1\" data-orig-size=\"1280,720\" data-comments-opened=\"0\" data-image-meta=\"{&quot;aperture&quot;:&quot;0&quot;,&quot;credit&quot;:&quot;&quot;,&quot;camera&quot;:&quot;&quot;,&quot;caption&quot;:&quot;&quot;,&quot;created_timestamp&quot;:&quot;0&quot;,&quot;copyright&quot;:&quot;&quot;,&quot;focal_length&quot;:&quot;0&quot;,&quot;iso&quot;:&quot;0&quot;,&quot;shutter_speed&quot;:&quot;0&quot;,&quot;title&quot;:&quot;&quot;,&quot;orientation&quot;:&quot;0&quot;}\" data-image-title=\"FREE-6\" data-image-description=\"\" data-image-caption=\"\" data-large-file=\"https:\/\/i0.wp.com\/daisymultifacetica.com\/wp-content\/uploads\/2020\/10\/FREE-6.png?fit=1000%2C563&amp;ssl=1\" src=\"https:\/\/i0.wp.com\/daisymultifacetica.com\/wp-content\/uploads\/2020\/10\/FREE-6.png?resize=1000%2C563&#038;ssl=1\" alt=\"\" class=\"wp-image-2328\" srcset=\"https:\/\/i0.wp.com\/daisymultifacetica.com\/wp-content\/uploads\/2020\/10\/FREE-6.png?resize=1024%2C576&amp;ssl=1 1024w, https:\/\/i0.wp.com\/daisymultifacetica.com\/wp-content\/uploads\/2020\/10\/FREE-6.png?resize=300%2C169&amp;ssl=1 300w, https:\/\/i0.wp.com\/daisymultifacetica.com\/wp-content\/uploads\/2020\/10\/FREE-6.png?resize=768%2C432&amp;ssl=1 768w, https:\/\/i0.wp.com\/daisymultifacetica.com\/wp-content\/uploads\/2020\/10\/FREE-6.png?resize=1200%2C675&amp;ssl=1 1200w, https:\/\/i0.wp.com\/daisymultifacetica.com\/wp-content\/uploads\/2020\/10\/FREE-6.png?w=1280&amp;ssl=1 1280w\" sizes=\"auto, (max-width: 1000px) 100vw, 1000px\" \/><\/figure>\n\n\n\n<p class=\"wp-block-paragraph\">** EL MEJOR TUTORIAL: Gorro quir\u00fargico \/ Gorro para Cirujano \/ Gorro para Enfermera \/ Gorro para Doctor \/ Gorro para Medico \/ Gorro quirofano * *<\/p>\n\n\n\n<p class=\"wp-block-paragraph\">TUTORIAL paso a paso S\u00daPER F\u00c1CIL DE SEGUIR: c\u00f3mo hacer un gorro quir\u00fargico reversible con una cuerda larga para amarrar una cola de caballo o alrededor de la cabeza. Gorro muy confortable de usar. <\/p>\n\n\n\n<h3 class=\"wp-block-heading\"><span style=\"color:#00a32e\" class=\"has-inline-color\"> PATRONES GRATIS ABAJO\ud83d\udc47\ud83d\udc47 <\/span><\/h3>\n\n\n\n<p class=\"wp-block-paragraph\">MATERIALES NECESARIOS para hacer su propia gorra quir\u00fargica <\/p>\n\n\n\n<p class=\"wp-block-paragraph\">Tejido necesario: <\/p>\n\n\n\n<p class=\"wp-block-paragraph\">2] Pedazos de tela de 22 por 18 &#8221; <\/p>\n\n\n\n<p class=\"wp-block-paragraph\">1] Tela 20 por 5 &#8221; 4] Tela 22 por 3 &#8221; <\/p>\n\n\n\n<p class=\"wp-block-paragraph\">1] 6 &#8220;el\u00e1stico <\/p>\n\n\n\n<h2 class=\"wp-block-heading\"><span style=\"color:#02a11a\" class=\"has-inline-color\">DESCARGA GRATUITA DE PATRONES IMPRIMIBLES ACA<\/span><\/h2>\n\n\n\n<div class=\"wp-block-file\"><a href=\"https:\/\/daisymultifacetica.com\/wp-content\/uploads\/2020\/10\/FINAL-PATTERN-SCRUB-HAT.pdf\"><span style=\"color:#0791cc\" class=\"has-inline-color\">Patron Gorro Quirurgico para cabello largo<\/span><\/a><a href=\"https:\/\/daisymultifacetica.com\/wp-content\/uploads\/2020\/10\/FINAL-PATTERN-SCRUB-HAT.pdf\" class=\"wp-block-file__button\" download>DESCARGAR ACA<\/a><\/div>\n\n\n\n<p class=\"wp-block-paragraph\">HERRAMIENTAS Y MATERIALES QUE UTILIZO: Divulgaci\u00f3n: esta publicaci\u00f3n contiene enlaces de afiliados. Si hace clic y realiza una compra, ganar\u00e9 una peque\u00f1a comisi\u00f3n sin ningun costo ni cargo extra para ti. Telas: <a href=\"https:\/\/shrsl.com\/2ampx\" rel=\"nofollow\">https:\/\/shrsl.com\/2ampx<\/a> Maquina de coser: <a href=\"https:\/\/shrsl.com\/2a5xo\" rel=\"nofollow\">https:\/\/shrsl.com\/2a5xo<\/a> Hilo: <a href=\"https:\/\/amzn.to\/2SgH16n\" rel=\"nofollow\">https:\/\/amzn.to\/2SgH16n<\/a> Tijeras: <a href=\"https:\/\/amzn.to\/2Kye3uo\" rel=\"nofollow\">https:\/\/amzn.to\/2Kye3uo<\/a> <a href=\"https:\/\/amzn.to\/2VH9pAO\" rel=\"nofollow\">https:\/\/amzn.to\/2VH9pAO<\/a> Alfileres: <a href=\"https:\/\/amzn.to\/2YvSz9V\" rel=\"nofollow\">https:\/\/amzn.to\/2YvSz9V<\/a> Ganchos: <a href=\"https:\/\/amzn.to\/3bRifRP\" rel=\"nofollow\">https:\/\/amzn.to\/3bRifRP<\/a> and Plancha: <a href=\"https:\/\/amzn.to\/2WesnyE\" rel=\"nofollow\">https:\/\/amzn.to\/2WesnyE<\/a> OPCION 2: <a href=\"https:\/\/amzn.to\/2Wc5XOy\" rel=\"nofollow\">https:\/\/amzn.to\/2Wc5XOy<\/a> OPCION 3: <a href=\"https:\/\/amzn.to\/3c9M1BA\" rel=\"nofollow\">https:\/\/amzn.to\/3c9M1BA<\/a> OPCION 4: <a href=\"https:\/\/amzn.to\/2LfCWv3\" rel=\"nofollow\">https:\/\/amzn.to\/2LfCWv3<\/a> Almohadilla planchadora: <a href=\"https:\/\/shrsl.com\/28&#215;90\" rel=\"nofollow\">https:\/\/shrsl.com\/28&#215;90<\/a><\/p>\n\n\n\n<p class=\"wp-block-paragraph\">Visiteme en Facebook, Pinterest, Youtube e Instagram<\/p>\n\n\n\t<div\n\t\tclass=\"wp-block-newspack-blocks-homepage-articles  wpnbha show-image image-aligntop ts-4 is-3 is-landscape  has-text-align-left\"\n\t\tstyle=\"\"\n\t\t>\n\t\t\t\t\t<style id=\"newspack-blocks-inline-css\" type=\"text\/css\">\t\t.wp-block-newspack-blocks-homepage-articles article .entry-title {\n\t\t\tfont-size: 1.2em;\n\t\t}\n\t\t.wp-block-newspack-blocks-homepage-articles .entry-meta {\n\t\t\tdisplay: flex;\n\t\t\tflex-wrap: wrap;\n\t\t\talign-items: center;\n\t\t\tmargin-top: 0.5em;\n\t\t}\n\t\t.wp-block-newspack-blocks-homepage-articles article .entry-meta {\n\t\t\tfont-size: 0.8em;\n\t\t}\n\t\t.wp-block-newspack-blocks-homepage-articles article .avatar {\n\t\t\theight: 25px;\n\t\t\twidth: 25px;\n\t\t}\n\t\t.wp-block-newspack-blocks-homepage-articles .post-thumbnail{\n\t\t\tmargin: 0;\n\t\t\tmargin-bottom: 0.25em;\n\t\t}\n\t\t.wp-block-newspack-blocks-homepage-articles .post-thumbnail img {\n\t\t\theight: auto;\n\t\t\twidth: 100%;\n\t\t}\n\t\t.wp-block-newspack-blocks-homepage-articles .post-thumbnail figcaption {\n\t\t\tmargin-bottom: 0.5em;\n\t\t}\n\t\t.wp-block-newspack-blocks-homepage-articles p {\n\t\t\tmargin: 0.5em 0;\n\t\t}\n\n\t\t\t<\/style>\n\t\t\t\t<div data-posts data-current-post-id=\"2327\">\n\t\t\t\t\t\t\n\t<article data-post-id=\"28995\"\n\t\tclass=\"tag-embroidery-beginner-tips tag-embroidery-business tag-embroidery-machine-tips tag-embroidery-setup-guide tag-embroidery-training tag-multi-needle-embroidery tag-smartstitch-s1001 category-uncategorized category-embroidery-bordado type-post\"\n\t\t\t\t>\n\t\t\t\t\n\t\t<div class=\"entry-wrapper\">\n\t\t\t<h2 class=\"entry-title\"><a href=\"https:\/\/daisymultifacetica.com\/es\/2026\/04\/01\/smartstitch-s1001-review-first-impressions-setup\/\" rel=\"bookmark\">SmartStitch S1001 Review: First Impressions &amp; Setup<\/a><\/h2>\t\t\t\t\t\t<p>The SmartStitch S1001 embroidery machine initially appears daunting due to its size and complexity. However, setup is straightforward, aided by pre-threading and instructional videos. Valuable lessons emerge through practice, such as double-checking stabilizer placement. Overall, it enhances efficiency and is highly recommended for serious embroiderers looking to elevate their craft.<\/p>\n\t\t\t\t<div class=\"entry-meta\">\n\t\t\t\t\t<a href=\"https:\/\/daisymultifacetica.com\/es\/author\/daisymultifacetica\/\"><img alt='' src='https:\/\/secure.gravatar.com\/avatar\/38a8dd6fdb1dab96df1086797756856867868ece9ad51013779e1626cf34ce72?s=48&#038;d=identicon&#038;r=g' srcset='https:\/\/secure.gravatar.com\/avatar\/38a8dd6fdb1dab96df1086797756856867868ece9ad51013779e1626cf34ce72?s=96&#038;d=identicon&#038;r=g 2x' class='avatar avatar-48 photo' height='48' width='48' \/><\/a>\t\t\t\t\t\t<span class=\"byline\">\n\t\t\t\t\t\t\t<span class=\"author-prefix\">por<\/span> <span class=\"author vcard\"><a class=\"url fn n\" href=\"https:\/\/daisymultifacetica.com\/es\/author\/daisymultifacetica\/\">daisymultifacetica<\/a><\/span>\t\t\t\t\t\t<\/span><!-- .author-name -->\n\t\t\t\t\t\t<time class=\"entry-date published updated\" datetime=\"2026-04-01T08:18:37-05:00\">abril 1, 2026<\/time>\t\t\t\t<\/div><!-- .entry-meta -->\n\t\t\t\t\t<\/div><!-- .entry-wrapper -->\n\t<\/article>\n\n\t\t\n\t<article data-post-id=\"28789\"\n\t\tclass=\"category-uncategorized type-post post-has-image\"\n\t\t\t\t>\n\t\t\t\t\t\t\t<figure class=\"post-thumbnail\">\n\t\t\t\t\t\t\t\t<a href=\"https:\/\/daisymultifacetica.com\/es\/2026\/03\/14\/is-the-creality-falcon-a1-pro-worth-it\/\" rel=\"bookmark\" tabindex=\"-1\" aria-hidden=\"true\">\n\t\t\t\t\t\t\t\t\t\t\t\t<img loading=\"lazy\" decoding=\"async\" width=\"1200\" height=\"900\" src=\"https:\/\/i0.wp.com\/daisymultifacetica.com\/wp-content\/uploads\/2026\/03\/Creality-Falcon.png?resize=1200%2C900&amp;ssl=1\" class=\"attachment-newspack-article-block-landscape-large size-newspack-article-block-landscape-large wp-post-image\" alt=\"Is the Creality Falcon A1 Pro Worth It?\" data-hero-candidate=\"1\" srcset=\"https:\/\/i0.wp.com\/daisymultifacetica.com\/wp-content\/uploads\/2026\/03\/Creality-Falcon.png?resize=500%2C375&amp;ssl=1 500w, https:\/\/i0.wp.com\/daisymultifacetica.com\/wp-content\/uploads\/2026\/03\/Creality-Falcon.png?resize=1200%2C900&amp;ssl=1 1200w, https:\/\/i0.wp.com\/daisymultifacetica.com\/wp-content\/uploads\/2026\/03\/Creality-Falcon.png?resize=800%2C600&amp;ssl=1 800w, https:\/\/i0.wp.com\/daisymultifacetica.com\/wp-content\/uploads\/2026\/03\/Creality-Falcon.png?resize=600%2C450&amp;ssl=1 600w, https:\/\/i0.wp.com\/daisymultifacetica.com\/wp-content\/uploads\/2026\/03\/Creality-Falcon.png?resize=400%2C300&amp;ssl=1 400w, https:\/\/i0.wp.com\/daisymultifacetica.com\/wp-content\/uploads\/2026\/03\/Creality-Falcon.png?resize=200%2C150&amp;ssl=1 200w, https:\/\/i0.wp.com\/daisymultifacetica.com\/wp-content\/uploads\/2026\/03\/Creality-Falcon.png?zoom=2&amp;resize=1200%2C900&amp;ssl=1 2400w\" sizes=\"auto, (max-width: 1000px) 100vw, 1000px\" data-attachment-id=\"28793\" data-permalink=\"https:\/\/daisymultifacetica.com\/es\/2026\/03\/14\/is-the-creality-falcon-a1-pro-worth-it\/creality-falcon\/\" data-orig-file=\"https:\/\/i0.wp.com\/daisymultifacetica.com\/wp-content\/uploads\/2026\/03\/Creality-Falcon.png?fit=2560%2C1440&amp;ssl=1\" data-orig-size=\"2560,1440\" data-comments-opened=\"1\" data-image-meta=\"{&quot;aperture&quot;:&quot;0&quot;,&quot;credit&quot;:&quot;&quot;,&quot;camera&quot;:&quot;&quot;,&quot;caption&quot;:&quot;&quot;,&quot;created_timestamp&quot;:&quot;0&quot;,&quot;copyright&quot;:&quot;&quot;,&quot;focal_length&quot;:&quot;0&quot;,&quot;iso&quot;:&quot;0&quot;,&quot;shutter_speed&quot;:&quot;0&quot;,&quot;title&quot;:&quot;&quot;,&quot;orientation&quot;:&quot;0&quot;}\" data-image-title=\"Creality Falcon\" data-image-description=\"\" data-image-caption=\"\" data-large-file=\"https:\/\/i0.wp.com\/daisymultifacetica.com\/wp-content\/uploads\/2026\/03\/Creality-Falcon.png?fit=1000%2C563&amp;ssl=1\" \/>\t\t\t\t\t\t\t\t\t\t\t\t<\/a>\n\t\t\t\t\n\t\t\t\t\t\t\t<\/figure><!-- .featured-image -->\n\t\t\n\t\t<div class=\"entry-wrapper\">\n\t\t\t<h2 class=\"entry-title\"><a href=\"https:\/\/daisymultifacetica.com\/es\/2026\/03\/14\/is-the-creality-falcon-a1-pro-worth-it\/\" rel=\"bookmark\">Is the Creality Falcon A1 Pro Worth It?<\/a><\/h2>\t\t\t\t\t\t<p>Creality Falcon A1 Pro: Is It Worth It for Your Cutting and Engraving Projects? Lately, I\u2019ve been getting a lot of questions about laser machines that are actually worth the investment. So when I saw that the Creality Falcon A1 Pro comes with two lasers in one machine, I knew I had to test it\u2026<\/p>\n\t\t\t\t<div class=\"entry-meta\">\n\t\t\t\t\t<a href=\"https:\/\/daisymultifacetica.com\/es\/author\/daisymultifacetica\/\"><img alt='' src='https:\/\/secure.gravatar.com\/avatar\/38a8dd6fdb1dab96df1086797756856867868ece9ad51013779e1626cf34ce72?s=48&#038;d=identicon&#038;r=g' srcset='https:\/\/secure.gravatar.com\/avatar\/38a8dd6fdb1dab96df1086797756856867868ece9ad51013779e1626cf34ce72?s=96&#038;d=identicon&#038;r=g 2x' class='avatar avatar-48 photo' height='48' width='48' \/><\/a>\t\t\t\t\t\t<span class=\"byline\">\n\t\t\t\t\t\t\t<span class=\"author-prefix\">por<\/span> <span class=\"author vcard\"><a class=\"url fn n\" href=\"https:\/\/daisymultifacetica.com\/es\/author\/daisymultifacetica\/\">daisymultifacetica<\/a><\/span>\t\t\t\t\t\t<\/span><!-- .author-name -->\n\t\t\t\t\t\t<time class=\"entry-date published\" datetime=\"2026-03-14T09:25:27-05:00\">marzo 14, 2026<\/time><time class=\"updated\" datetime=\"2026-04-01T07:35:19-05:00\">abril 1, 2026<\/time>\t\t\t\t<\/div><!-- .entry-meta -->\n\t\t\t\t\t<\/div><!-- .entry-wrapper -->\n\t<\/article>\n\n\t\t\n\t<article data-post-id=\"28738\"\n\t\tclass=\"category-uncategorized type-post post-has-image\"\n\t\t\t\t>\n\t\t\t\t\t\t\t<figure class=\"post-thumbnail\">\n\t\t\t\t\t\t\t\t<a href=\"https:\/\/daisymultifacetica.com\/es\/2026\/03\/13\/beginners-guide-to-the-toocaa-nova-20w-diode-laser-engraver\/\" rel=\"bookmark\" tabindex=\"-1\" aria-hidden=\"true\">\n\t\t\t\t\t\t\t\t\t\t\t\t<img loading=\"lazy\" decoding=\"async\" width=\"1200\" height=\"900\" src=\"https:\/\/i0.wp.com\/daisymultifacetica.com\/wp-content\/uploads\/2026\/03\/j.png?resize=1200%2C900&amp;ssl=1\" class=\"attachment-newspack-article-block-landscape-large size-newspack-article-block-landscape-large wp-post-image\" alt=\"Beginner&#8217;s Guide to the TOOCAA NOVA 20W Diode Laser Engraver\" data-hero-candidate=\"1\" srcset=\"https:\/\/i0.wp.com\/daisymultifacetica.com\/wp-content\/uploads\/2026\/03\/j.png?resize=500%2C375&amp;ssl=1 500w, https:\/\/i0.wp.com\/daisymultifacetica.com\/wp-content\/uploads\/2026\/03\/j.png?resize=1200%2C900&amp;ssl=1 1200w, https:\/\/i0.wp.com\/daisymultifacetica.com\/wp-content\/uploads\/2026\/03\/j.png?resize=800%2C600&amp;ssl=1 800w, https:\/\/i0.wp.com\/daisymultifacetica.com\/wp-content\/uploads\/2026\/03\/j.png?resize=600%2C450&amp;ssl=1 600w, https:\/\/i0.wp.com\/daisymultifacetica.com\/wp-content\/uploads\/2026\/03\/j.png?resize=400%2C300&amp;ssl=1 400w, https:\/\/i0.wp.com\/daisymultifacetica.com\/wp-content\/uploads\/2026\/03\/j.png?resize=200%2C150&amp;ssl=1 200w, https:\/\/i0.wp.com\/daisymultifacetica.com\/wp-content\/uploads\/2026\/03\/j.png?zoom=2&amp;resize=1200%2C900&amp;ssl=1 2400w\" sizes=\"auto, (max-width: 1000px) 100vw, 1000px\" data-attachment-id=\"28742\" data-permalink=\"https:\/\/daisymultifacetica.com\/es\/2026\/03\/13\/beginners-guide-to-the-toocaa-nova-20w-diode-laser-engraver\/j\/\" data-orig-file=\"https:\/\/i0.wp.com\/daisymultifacetica.com\/wp-content\/uploads\/2026\/03\/j.png?fit=2720%2C1530&amp;ssl=1\" data-orig-size=\"2720,1530\" data-comments-opened=\"1\" data-image-meta=\"{&quot;aperture&quot;:&quot;0&quot;,&quot;credit&quot;:&quot;&quot;,&quot;camera&quot;:&quot;&quot;,&quot;caption&quot;:&quot;&quot;,&quot;created_timestamp&quot;:&quot;0&quot;,&quot;copyright&quot;:&quot;&quot;,&quot;focal_length&quot;:&quot;0&quot;,&quot;iso&quot;:&quot;0&quot;,&quot;shutter_speed&quot;:&quot;0&quot;,&quot;title&quot;:&quot;&quot;,&quot;orientation&quot;:&quot;0&quot;}\" data-image-title=\"j\" data-image-description=\"\" data-image-caption=\"\" data-large-file=\"https:\/\/i0.wp.com\/daisymultifacetica.com\/wp-content\/uploads\/2026\/03\/j.png?fit=1000%2C563&amp;ssl=1\" \/>\t\t\t\t\t\t\t\t\t\t\t\t<\/a>\n\t\t\t\t\n\t\t\t\t\t\t\t<\/figure><!-- .featured-image -->\n\t\t\n\t\t<div class=\"entry-wrapper\">\n\t\t\t<h2 class=\"entry-title\"><a href=\"https:\/\/daisymultifacetica.com\/es\/2026\/03\/13\/beginners-guide-to-the-toocaa-nova-20w-diode-laser-engraver\/\" rel=\"bookmark\">Beginner&#8217;s Guide to the TOOCAA NOVA 20W Diode Laser Engraver<\/a><\/h2>\t\t\t\t\t\t<p>The Beginner-Friendly AI Laser Engraver I Tested in My Craft Studio If you\u2019re a crafter, maker, or small business owner looking for a laser engraver that\u2019s easy to use but still powerful, you\u2019ve probably seen the TOOCAA NOVA 20W Laser Engraver pop up online. As someone who runs a craft-focused YouTube channel and regularly tests\u2026<\/p>\n\t\t\t\t<div class=\"entry-meta\">\n\t\t\t\t\t<a href=\"https:\/\/daisymultifacetica.com\/es\/author\/daisymultifacetica\/\"><img alt='' src='https:\/\/secure.gravatar.com\/avatar\/38a8dd6fdb1dab96df1086797756856867868ece9ad51013779e1626cf34ce72?s=48&#038;d=identicon&#038;r=g' srcset='https:\/\/secure.gravatar.com\/avatar\/38a8dd6fdb1dab96df1086797756856867868ece9ad51013779e1626cf34ce72?s=96&#038;d=identicon&#038;r=g 2x' class='avatar avatar-48 photo' height='48' width='48' \/><\/a>\t\t\t\t\t\t<span class=\"byline\">\n\t\t\t\t\t\t\t<span class=\"author-prefix\">por<\/span> <span class=\"author vcard\"><a class=\"url fn n\" href=\"https:\/\/daisymultifacetica.com\/es\/author\/daisymultifacetica\/\">daisymultifacetica<\/a><\/span>\t\t\t\t\t\t<\/span><!-- .author-name -->\n\t\t\t\t\t\t<time class=\"entry-date published updated\" datetime=\"2026-03-13T08:46:55-05:00\">marzo 13, 2026<\/time>\t\t\t\t<\/div><!-- .entry-meta -->\n\t\t\t\t\t<\/div><!-- .entry-wrapper -->\n\t<\/article>\n\n\t\t\t\t<\/div>\n\t\t\n\t<\/div>\n\t\n\n<form role=\"search\" method=\"get\" action=\"https:\/\/daisymultifacetica.com\/es\/\" class=\"wp-block-search__button-outside wp-block-search__text-button wp-block-search\" data-trp-original-action=\"https:\/\/daisymultifacetica.com\/es\/\"    ><label class=\"wp-block-search__label\" for=\"wp-block-search__input-1\" >Search<\/label><div class=\"wp-block-search__inside-wrapper\" ><input class=\"wp-block-search__input\" id=\"wp-block-search__input-1\" placeholder=\"\" value=\"\" type=\"search\" name=\"s\" required \/><button aria-label=\"Search\" class=\"wp-block-search__button wp-element-button\" type=\"submit\" >Search<\/button><\/div><input type=\"hidden\" name=\"trp-form-language\" value=\"es\"\/><\/form>\n\n\n<p class=\"wp-block-paragraph\"><\/p>\n<p><a href=\"\/\/www.pinterest.com\/pin\/create\/button\/\" data-pin-do=\"buttonBookmark\" data-pin-color=\"red\" data-pin-height=\"128\"><img data-recalc-dims=\"1\" decoding=\"async\" src=\"https:\/\/i0.wp.com\/assets.pinterest.com\/images\/pidgets\/pinit_fg_en_rect_red_28.png?w=1000\" \/><\/a><\/p>","protected":false},"excerpt":{"rendered":"<p>El Mejor Gorro Reversible para Enfermera | Como hacer un Gorro de Cirugia para Cabello Corto o Largo ** EL MEJOR TUTORIAL: Gorro quir\u00fargico \/ Gorro para Cirujano \/ Gorro para Enfermera \/ Gorro para Doctor \/ Gorro para Medico \/ Gorro quirofano * * TUTORIAL paso a paso S\u00daPER F\u00c1CIL DE SEGUIR: c\u00f3mo hacer&#8230; <\/p>\n<div class=\"link-more\"><a href=\"https:\/\/daisymultifacetica.com\/es\/freebies\/el-mejor-gorro-reversible-para-enfermera-como-hacer-un-gorro-de-cirugia-para-cabello-corto-o-largo\/\">Leer M\u00e1s<\/a><\/div>","protected":false},"author":185351755,"featured_media":2318,"parent":8,"menu_order":0,"comment_status":"closed","ping_status":"closed","template":"","meta":{"_coblocks_attr":"","_coblocks_dimensions":"","_coblocks_responsive_height":"","_coblocks_accordion_ie_support":"","_crdt_document":"","inline_featured_image":false,"wprm-recipe-roundup-name":"","wprm-recipe-roundup-description":"","_monsterinsights_skip_tracking":false,"_monsterinsights_sitenote_active":false,"_monsterinsights_sitenote_note":"","_monsterinsights_sitenote_category":0,"advanced_seo_description":"","jetpack_seo_html_title":"","jetpack_seo_noindex":false,"jetpack_post_was_ever_published":false,"footnotes":""},"class_list":["post-2327","page","type-page","status-publish","has-post-thumbnail","hentry"],"jetpack_likes_enabled":true,"jetpack_sharing_enabled":true,"jetpack_shortlink":"https:\/\/wp.me\/PbYJMO-Bx","_links":{"self":[{"href":"https:\/\/daisymultifacetica.com\/es\/wp-json\/wp\/v2\/pages\/2327","targetHints":{"allow":["GET"]}}],"collection":[{"href":"https:\/\/daisymultifacetica.com\/es\/wp-json\/wp\/v2\/pages"}],"about":[{"href":"https:\/\/daisymultifacetica.com\/es\/wp-json\/wp\/v2\/types\/page"}],"author":[{"embeddable":true,"href":"https:\/\/daisymultifacetica.com\/es\/wp-json\/wp\/v2\/users\/185351755"}],"replies":[{"embeddable":true,"href":"https:\/\/daisymultifacetica.com\/es\/wp-json\/wp\/v2\/comments?post=2327"}],"version-history":[{"count":5,"href":"https:\/\/daisymultifacetica.com\/es\/wp-json\/wp\/v2\/pages\/2327\/revisions"}],"predecessor-version":[{"id":2333,"href":"https:\/\/daisymultifacetica.com\/es\/wp-json\/wp\/v2\/pages\/2327\/revisions\/2333"}],"up":[{"embeddable":true,"href":"https:\/\/daisymultifacetica.com\/es\/wp-json\/wp\/v2\/pages\/8"}],"wp:featuredmedia":[{"embeddable":true,"href":"https:\/\/daisymultifacetica.com\/es\/wp-json\/wp\/v2\/media\/2318"}],"wp:attachment":[{"href":"https:\/\/daisymultifacetica.com\/es\/wp-json\/wp\/v2\/media?parent=2327"}],"curies":[{"name":"wp","href":"https:\/\/api.w.org\/{rel}","templated":true}]}}