{"id":1579,"date":"2020-08-30T13:55:56","date_gmt":"2020-08-30T18:55:56","guid":{"rendered":"https:\/\/daisymultifacetica.com\/?page_id=1579"},"modified":"2022-04-22T07:28:03","modified_gmt":"2022-04-22T12:28:03","slug":"cubre-bocas-con-ventanilla-transparente-para-sordos-o-personas-con-dificultades-auditivas","status":"publish","type":"page","link":"https:\/\/daisymultifacetica.com\/es\/freebies\/cubre-bocas-con-ventanilla-transparente-para-sordos-o-personas-con-dificultades-auditivas\/","title":{"rendered":"Cubre Bocas con Ventanilla Transparente para Sordos o Personas con Dificultades Auditivas."},"content":{"rendered":"\n<p class=\"wp-block-paragraph\"><\/p>\n\n\n\n<h2 class=\"has-text-align-center wp-block-heading\"><span style=\"color:#da2c05\" class=\"has-inline-color\"><a href=\"https:\/\/daisymultifacetica.com\/smiley-face-mask-fabric-face-mask-with-window-for-the-deaf-or-hard-of-hearing\/\">** ENGLISH HERE**<\/a><\/span><\/h2>\n\n\n\n<figure class=\"wp-block-embed is-type-video is-provider-youtube wp-block-embed-youtube wp-embed-aspect-16-9 wp-has-aspect-ratio\"><div class=\"wp-block-embed__wrapper\">\n<span class=\"embed-youtube\" style=\"text-align:center; display: block;\"><iframe loading=\"lazy\" class=\"youtube-player\" width=\"1000\" height=\"563\" src=\"https:\/\/www.youtube.com\/embed\/zu01kx8byAk?version=3&#038;rel=1&#038;showsearch=0&#038;showinfo=1&#038;iv_load_policy=1&#038;fs=1&#038;hl=es-ES&#038;autohide=2&#038;wmode=transparent\" allowfullscreen=\"true\" style=\"border:0;\" sandbox=\"allow-scripts allow-same-origin allow-popups allow-presentation allow-popups-to-escape-sandbox\"><\/iframe><\/span>\n<\/div><\/figure>\n\n\n\n<p class=\"wp-block-paragraph\">TUTORIAL de costura con Daisy Multifac\u00e9tica: En este video tutorial, vamos a aprender a como confeccionar una mascarilla cubre bocas de tela con ventanilla. Perfecta para maestros, sordos y personas con dificultad auditiva. Este tutorial es muy f\u00e1cil de seguir. Adem\u00e1s, les muestro la manera m\u00e1s f\u00e1cil de elaborar este tipo de mascarilla con ventanilla.<\/p>\n\n\n\n<p class=\"wp-block-paragraph\">Materiales a necesitar:<\/p>\n\n\n\n<p class=\"wp-block-paragraph\">2] Pedazos de tela\u00a0 de 12 x 16\u201d \u00a0[Yo estoy utilizando 100% algodon] <a href=\"https:\/\/shrsl.com\/2geaw\">https:\/\/shrsl.com\/2geaw<\/a><\/p>\n\n\n\n<p class=\"wp-block-paragraph\">1] Pedazo de pl\u00e1stico transparente para mesa o vinilo transparente de 5 by 3\u201d <a href=\"https:\/\/amzn.to\/3gpdKj9\">https:\/\/amzn.to\/3gpdKj9<\/a><\/p>\n\n\n\n<p class=\"wp-block-paragraph\">4] Tiras de Heat and Bond de \u00a05\u201d por \u00a0\u00be\u201d \u00a0<a href=\"https:\/\/amzn.to\/2EbQesZ\">https:\/\/amzn.to\/2EbQesZ<\/a><\/p>\n\n\n\n<p class=\"wp-block-paragraph\">2] Elastico de 10 or 12\u201d aproximadamente o 2] Ligas para el cabello. Yo estoy utilizando cordon el\u00e1stico de la marca Farmyarn.<\/p>\n\n\n\n<figure class=\"wp-block-gallery aligncenter has-nested-images columns-default is-cropped wp-block-gallery-1 is-layout-flex wp-block-gallery-is-layout-flex\">\n<figure class=\"wp-block-image size-large\"><img data-recalc-dims=\"1\" loading=\"lazy\" decoding=\"async\" width=\"1000\" height=\"640\" data-attachment-id=\"1269\" data-permalink=\"https:\/\/daisymultifacetica.com\/es\/s-l1600-5\/\" data-orig-file=\"https:\/\/i0.wp.com\/daisymultifacetica.com\/wp-content\/uploads\/2020\/08\/s-l1600-5.jpg?fit=1600%2C1023&amp;ssl=1\" data-orig-size=\"1600,1023\" data-comments-opened=\"0\" data-image-meta=\"{&quot;aperture&quot;:&quot;0&quot;,&quot;credit&quot;:&quot;&quot;,&quot;camera&quot;:&quot;&quot;,&quot;caption&quot;:&quot;&quot;,&quot;created_timestamp&quot;:&quot;0&quot;,&quot;copyright&quot;:&quot;&quot;,&quot;focal_length&quot;:&quot;0&quot;,&quot;iso&quot;:&quot;0&quot;,&quot;shutter_speed&quot;:&quot;0&quot;,&quot;title&quot;:&quot;&quot;,&quot;orientation&quot;:&quot;0&quot;}\" data-image-title=\"s-l1600 (5)\" data-image-description=\"\" data-image-caption=\"\" data-large-file=\"https:\/\/i0.wp.com\/daisymultifacetica.com\/wp-content\/uploads\/2020\/08\/s-l1600-5.jpg?fit=1000%2C640&amp;ssl=1\" data-id=\"1269\" src=\"https:\/\/i0.wp.com\/daisymultifacetica.com\/wp-content\/uploads\/2020\/08\/s-l1600-5.jpg?resize=1000%2C640&#038;ssl=1\" alt=\"\" class=\"wp-image-1269\" srcset=\"https:\/\/i0.wp.com\/daisymultifacetica.com\/wp-content\/uploads\/2020\/08\/s-l1600-5.jpg?resize=1024%2C655&amp;ssl=1 1024w, https:\/\/i0.wp.com\/daisymultifacetica.com\/wp-content\/uploads\/2020\/08\/s-l1600-5.jpg?resize=300%2C192&amp;ssl=1 300w, https:\/\/i0.wp.com\/daisymultifacetica.com\/wp-content\/uploads\/2020\/08\/s-l1600-5.jpg?resize=768%2C491&amp;ssl=1 768w, https:\/\/i0.wp.com\/daisymultifacetica.com\/wp-content\/uploads\/2020\/08\/s-l1600-5.jpg?resize=1536%2C982&amp;ssl=1 1536w, https:\/\/i0.wp.com\/daisymultifacetica.com\/wp-content\/uploads\/2020\/08\/s-l1600-5.jpg?resize=1200%2C767&amp;ssl=1 1200w, https:\/\/i0.wp.com\/daisymultifacetica.com\/wp-content\/uploads\/2020\/08\/s-l1600-5.jpg?w=1600&amp;ssl=1 1600w\" sizes=\"auto, (max-width: 1000px) 100vw, 1000px\" \/><\/figure>\n\n\n\n<figure class=\"wp-block-image size-large\"><img data-recalc-dims=\"1\" loading=\"lazy\" decoding=\"async\" width=\"1000\" height=\"668\" data-attachment-id=\"1270\" data-permalink=\"https:\/\/daisymultifacetica.com\/es\/s-l1600-6\/\" data-orig-file=\"https:\/\/i0.wp.com\/daisymultifacetica.com\/wp-content\/uploads\/2020\/08\/s-l1600-6.jpg?fit=1600%2C1068&amp;ssl=1\" data-orig-size=\"1600,1068\" data-comments-opened=\"0\" data-image-meta=\"{&quot;aperture&quot;:&quot;0&quot;,&quot;credit&quot;:&quot;&quot;,&quot;camera&quot;:&quot;&quot;,&quot;caption&quot;:&quot;&quot;,&quot;created_timestamp&quot;:&quot;0&quot;,&quot;copyright&quot;:&quot;&quot;,&quot;focal_length&quot;:&quot;0&quot;,&quot;iso&quot;:&quot;0&quot;,&quot;shutter_speed&quot;:&quot;0&quot;,&quot;title&quot;:&quot;&quot;,&quot;orientation&quot;:&quot;0&quot;}\" data-image-title=\"s-l1600 (6)\" data-image-description=\"\" data-image-caption=\"\" data-large-file=\"https:\/\/i0.wp.com\/daisymultifacetica.com\/wp-content\/uploads\/2020\/08\/s-l1600-6.jpg?fit=1000%2C668&amp;ssl=1\" data-id=\"1270\" src=\"https:\/\/i0.wp.com\/daisymultifacetica.com\/wp-content\/uploads\/2020\/08\/s-l1600-6.jpg?resize=1000%2C668&#038;ssl=1\" alt=\"\" class=\"wp-image-1270\" srcset=\"https:\/\/i0.wp.com\/daisymultifacetica.com\/wp-content\/uploads\/2020\/08\/s-l1600-6.jpg?resize=1024%2C684&amp;ssl=1 1024w, https:\/\/i0.wp.com\/daisymultifacetica.com\/wp-content\/uploads\/2020\/08\/s-l1600-6.jpg?resize=300%2C200&amp;ssl=1 300w, https:\/\/i0.wp.com\/daisymultifacetica.com\/wp-content\/uploads\/2020\/08\/s-l1600-6.jpg?resize=768%2C513&amp;ssl=1 768w, https:\/\/i0.wp.com\/daisymultifacetica.com\/wp-content\/uploads\/2020\/08\/s-l1600-6.jpg?resize=1536%2C1025&amp;ssl=1 1536w, https:\/\/i0.wp.com\/daisymultifacetica.com\/wp-content\/uploads\/2020\/08\/s-l1600-6.jpg?resize=1200%2C801&amp;ssl=1 1200w, https:\/\/i0.wp.com\/daisymultifacetica.com\/wp-content\/uploads\/2020\/08\/s-l1600-6.jpg?resize=680%2C455&amp;ssl=1 680w, https:\/\/i0.wp.com\/daisymultifacetica.com\/wp-content\/uploads\/2020\/08\/s-l1600-6.jpg?resize=960%2C640&amp;ssl=1 960w, https:\/\/i0.wp.com\/daisymultifacetica.com\/wp-content\/uploads\/2020\/08\/s-l1600-6.jpg?w=1600&amp;ssl=1 1600w\" sizes=\"auto, (max-width: 1000px) 100vw, 1000px\" \/><\/figure>\n<\/figure>\n\n\n\n<h2 class=\"wp-block-heading\">EL PATRON GRATIS <\/h2>\n\n\n\n<div class=\"wp-block-file\"><a href=\"https:\/\/daisymultifacetica.com\/wp-content\/uploads\/2020\/08\/Face-Mask-with-Window-English-V.-1.pdf\"><span style=\"color:#087a1f\" class=\"has-inline-color\">Patron Mascarilla con Ventana<\/span><\/a><a href=\"https:\/\/daisymultifacetica.com\/wp-content\/uploads\/2020\/08\/Face-Mask-with-Window-English-V.-1.pdf\" class=\"wp-block-file__button\" download>Descargar<\/a><\/div>\n\n\n\n<div class=\"wp-block-file\"><a href=\"https:\/\/daisymultifacetica.com\/wp-content\/uploads\/2020\/08\/FM3D-new-PATTERN-1.pdf\"><span style=\"color:#06881a\" class=\"has-inline-color\">Patron Mascarilla 3d sin Ventana<\/span><\/a><a href=\"https:\/\/daisymultifacetica.com\/wp-content\/uploads\/2020\/08\/FM3D-new-PATTERN-1.pdf\" class=\"wp-block-file__button\" download>descargar<\/a><\/div>\n\n\n\n<h2 class=\"wp-block-heading\">INSTRUCCIONES EN PDF para imprimir ACA<\/h2>\n\n\n\n<div class=\"wp-block-file\"><a href=\"https:\/\/daisymultifacetica.com\/wp-content\/uploads\/2020\/08\/MASCARILLA-CON-VENTANILLA-con-Daisy-Multifacetic.pdf\"><span style=\"color:#05872c\" class=\"has-inline-color\">MASCARILLA CON VENTANILLA con Daisy Multifacetica<\/span><\/a><a href=\"https:\/\/daisymultifacetica.com\/wp-content\/uploads\/2020\/08\/MASCARILLA-CON-VENTANILLA-con-Daisy-Multifacetic.pdf\" class=\"wp-block-file__button\" download>Download<\/a><\/div>\n\n\n\n<figure class=\"wp-block-image size-large is-resized\"><a href=\"www.daisymultifacetica.com\/shop\"><img data-recalc-dims=\"1\" loading=\"lazy\" decoding=\"async\" data-attachment-id=\"1234\" data-permalink=\"https:\/\/daisymultifacetica.com\/es\/elasticos-con-stoppers\/\" data-orig-file=\"https:\/\/i0.wp.com\/daisymultifacetica.com\/wp-content\/uploads\/2020\/08\/elasticos-con-stoppers.png?fit=421%2C315&amp;ssl=1\" data-orig-size=\"421,315\" data-comments-opened=\"0\" data-image-meta=\"{&quot;aperture&quot;:&quot;0&quot;,&quot;credit&quot;:&quot;&quot;,&quot;camera&quot;:&quot;&quot;,&quot;caption&quot;:&quot;&quot;,&quot;created_timestamp&quot;:&quot;0&quot;,&quot;copyright&quot;:&quot;&quot;,&quot;focal_length&quot;:&quot;0&quot;,&quot;iso&quot;:&quot;0&quot;,&quot;shutter_speed&quot;:&quot;0&quot;,&quot;title&quot;:&quot;&quot;,&quot;orientation&quot;:&quot;0&quot;}\" data-image-title=\"elasticos con stoppers\" data-image-description=\"\" data-image-caption=\"\" data-large-file=\"https:\/\/i0.wp.com\/daisymultifacetica.com\/wp-content\/uploads\/2020\/08\/elasticos-con-stoppers.png?fit=421%2C315&amp;ssl=1\" src=\"https:\/\/i0.wp.com\/daisymultifacetica.com\/wp-content\/uploads\/2020\/08\/elasticos-con-stoppers.png?resize=295%2C221&#038;ssl=1\" alt=\"\" class=\"wp-image-1234\" width=\"295\" height=\"221\" srcset=\"https:\/\/i0.wp.com\/daisymultifacetica.com\/wp-content\/uploads\/2020\/08\/elasticos-con-stoppers.png?w=421&amp;ssl=1 421w, https:\/\/i0.wp.com\/daisymultifacetica.com\/wp-content\/uploads\/2020\/08\/elasticos-con-stoppers.png?resize=300%2C224&amp;ssl=1 300w, https:\/\/i0.wp.com\/daisymultifacetica.com\/wp-content\/uploads\/2020\/08\/elasticos-con-stoppers.png?resize=400%2C300&amp;ssl=1 400w, https:\/\/i0.wp.com\/daisymultifacetica.com\/wp-content\/uploads\/2020\/08\/elasticos-con-stoppers.png?resize=200%2C150&amp;ssl=1 200w\" sizes=\"auto, (max-width: 295px) 100vw, 295px\" \/><\/a><figcaption>Elastico de 10&#8243; Pre-Cortado con ajuste en mi tienda en linea <\/figcaption><\/figure>\n<p><a href=\"\/\/www.pinterest.com\/pin\/create\/button\/\" data-pin-do=\"buttonBookmark\" data-pin-color=\"red\" data-pin-height=\"128\"><img data-recalc-dims=\"1\" decoding=\"async\" src=\"https:\/\/i0.wp.com\/assets.pinterest.com\/images\/pidgets\/pinit_fg_en_rect_red_28.png?w=1000\" \/><\/a><\/p>","protected":false},"excerpt":{"rendered":"<p>** ENGLISH HERE** TUTORIAL de costura con Daisy Multifac\u00e9tica: En este video tutorial, vamos a aprender a como confeccionar una mascarilla cubre bocas de tela con ventanilla. Perfecta para maestros, sordos y personas con dificultad auditiva. Este tutorial es muy f\u00e1cil de seguir. Adem\u00e1s, les muestro la manera m\u00e1s f\u00e1cil de elaborar este tipo de&#8230; <\/p>\n<div class=\"link-more\"><a href=\"https:\/\/daisymultifacetica.com\/es\/freebies\/cubre-bocas-con-ventanilla-transparente-para-sordos-o-personas-con-dificultades-auditivas\/\">Leer M\u00e1s<\/a><\/div>","protected":false},"author":185351755,"featured_media":1575,"parent":8,"menu_order":0,"comment_status":"closed","ping_status":"closed","template":"","meta":{"_coblocks_attr":"","_coblocks_dimensions":"","_coblocks_responsive_height":"","_coblocks_accordion_ie_support":"","_crdt_document":"","inline_featured_image":false,"wprm-recipe-roundup-name":"","wprm-recipe-roundup-description":"","_monsterinsights_skip_tracking":false,"_monsterinsights_sitenote_active":false,"_monsterinsights_sitenote_note":"","_monsterinsights_sitenote_category":0,"advanced_seo_description":"","jetpack_seo_html_title":"","jetpack_seo_noindex":false,"footnotes":""},"class_list":["post-1579","page","type-page","status-publish","has-post-thumbnail","hentry"],"jetpack_likes_enabled":true,"jetpack_sharing_enabled":true,"jetpack_shortlink":"https:\/\/wp.me\/PbYJMO-pt","_links":{"self":[{"href":"https:\/\/daisymultifacetica.com\/es\/wp-json\/wp\/v2\/pages\/1579","targetHints":{"allow":["GET"]}}],"collection":[{"href":"https:\/\/daisymultifacetica.com\/es\/wp-json\/wp\/v2\/pages"}],"about":[{"href":"https:\/\/daisymultifacetica.com\/es\/wp-json\/wp\/v2\/types\/page"}],"author":[{"embeddable":true,"href":"https:\/\/daisymultifacetica.com\/es\/wp-json\/wp\/v2\/users\/185351755"}],"replies":[{"embeddable":true,"href":"https:\/\/daisymultifacetica.com\/es\/wp-json\/wp\/v2\/comments?post=1579"}],"version-history":[{"count":10,"href":"https:\/\/daisymultifacetica.com\/es\/wp-json\/wp\/v2\/pages\/1579\/revisions"}],"predecessor-version":[{"id":11475,"href":"https:\/\/daisymultifacetica.com\/es\/wp-json\/wp\/v2\/pages\/1579\/revisions\/11475"}],"up":[{"embeddable":true,"href":"https:\/\/daisymultifacetica.com\/es\/wp-json\/wp\/v2\/pages\/8"}],"wp:featuredmedia":[{"embeddable":true,"href":"https:\/\/daisymultifacetica.com\/es\/wp-json\/wp\/v2\/media\/1575"}],"wp:attachment":[{"href":"https:\/\/daisymultifacetica.com\/es\/wp-json\/wp\/v2\/media?parent=1579"}],"curies":[{"name":"wp","href":"https:\/\/api.w.org\/{rel}","templated":true}]}}